{"id":681,"date":"2019-04-10T09:27:26","date_gmt":"2019-04-10T13:27:26","guid":{"rendered":"http:\/\/r2f.9ab.mytemp.website\/sostenibilidad\/"},"modified":"2023-03-19T11:58:06","modified_gmt":"2023-03-19T15:58:06","slug":"sostenibilidad","status":"publish","type":"page","link":"https:\/\/losolingos.com\/es\/sostenibilidad\/","title":{"rendered":"Sostenibilidad"},"content":{"rendered":"","protected":false},"excerpt":{"rendered":"","protected":false},"author":1,"featured_media":0,"parent":0,"menu_order":0,"comment_status":"closed","ping_status":"closed","template":"template-sustainability.php","meta":{"_acf_changed":false,"footnotes":""},"class_list":["post-681","page","type-page","status-publish","hentry"],"acf":[],"yoast_head":"<!-- This site is optimized with the Yoast SEO plugin v27.3 - https:\/\/yoast.com\/product\/yoast-seo-wordpress\/ -->\n<title>Sostenibilidad - Los Olingos<\/title>\n<meta name=\"description\" content=\"La misi\u00f3n de Los Olingos es la conservaci\u00f3n, protecci\u00f3n y restauraci\u00f3n de los recursos naturales y culturales de la zona\" \/>\n<meta name=\"robots\" content=\"index, follow, max-snippet:-1, max-image-preview:large, max-video-preview:-1\" \/>\n<link rel=\"canonical\" href=\"https:\/\/losolingos.com\/es\/sostenibilidad\/\" \/>\n<meta property=\"og:locale\" content=\"es_ES\" \/>\n<meta property=\"og:type\" content=\"article\" \/>\n<meta property=\"og:title\" content=\"Sostenibilidad - Los Olingos\" \/>\n<meta property=\"og:description\" content=\"La misi\u00f3n de Los Olingos es la conservaci\u00f3n, protecci\u00f3n y restauraci\u00f3n de los recursos naturales y culturales de la zona\" \/>\n<meta property=\"og:url\" content=\"https:\/\/losolingos.com\/es\/sostenibilidad\/\" \/>\n<meta property=\"og:site_name\" content=\"Los Olingos\" \/>\n<meta property=\"article:modified_time\" content=\"2023-03-19T15:58:06+00:00\" \/>\n<meta name=\"twitter:card\" content=\"summary_large_image\" \/>\n<script type=\"application\/ld+json\" class=\"yoast-schema-graph\">{\"@context\":\"https:\\\/\\\/schema.org\",\"@graph\":[{\"@type\":\"WebPage\",\"@id\":\"https:\\\/\\\/losolingos.com\\\/es\\\/sostenibilidad\\\/\",\"url\":\"https:\\\/\\\/losolingos.com\\\/es\\\/sostenibilidad\\\/\",\"name\":\"Sostenibilidad - Los Olingos\",\"isPartOf\":{\"@id\":\"https:\\\/\\\/losolingos.com\\\/es\\\/#website\"},\"datePublished\":\"2019-04-10T13:27:26+00:00\",\"dateModified\":\"2023-03-19T15:58:06+00:00\",\"description\":\"La misi\u00f3n de Los Olingos es la conservaci\u00f3n, protecci\u00f3n y restauraci\u00f3n de los recursos naturales y culturales de la zona\",\"breadcrumb\":{\"@id\":\"https:\\\/\\\/losolingos.com\\\/es\\\/sostenibilidad\\\/#breadcrumb\"},\"inLanguage\":\"es\",\"potentialAction\":[{\"@type\":\"ReadAction\",\"target\":[\"https:\\\/\\\/losolingos.com\\\/es\\\/sostenibilidad\\\/\"]}]},{\"@type\":\"BreadcrumbList\",\"@id\":\"https:\\\/\\\/losolingos.com\\\/es\\\/sostenibilidad\\\/#breadcrumb\",\"itemListElement\":[{\"@type\":\"ListItem\",\"position\":1,\"name\":\"Home\",\"item\":\"https:\\\/\\\/losolingos.com\\\/es\\\/\"},{\"@type\":\"ListItem\",\"position\":2,\"name\":\"Sostenibilidad\"}]},{\"@type\":\"WebSite\",\"@id\":\"https:\\\/\\\/losolingos.com\\\/es\\\/#website\",\"url\":\"https:\\\/\\\/losolingos.com\\\/es\\\/\",\"name\":\"Los Olingos\",\"description\":\"Diverse Wildlife, Natural Attractions, Local Culture, and Breathtaking Setting Los Olingos has to offer\",\"potentialAction\":[{\"@type\":\"SearchAction\",\"target\":{\"@type\":\"EntryPoint\",\"urlTemplate\":\"https:\\\/\\\/losolingos.com\\\/es\\\/?s={search_term_string}\"},\"query-input\":{\"@type\":\"PropertyValueSpecification\",\"valueRequired\":true,\"valueName\":\"search_term_string\"}}],\"inLanguage\":\"es\"}]}<\/script>\n<!-- \/ Yoast SEO plugin. -->","yoast_head_json":{"title":"Sostenibilidad - Los Olingos","description":"La misi\u00f3n de Los Olingos es la conservaci\u00f3n, protecci\u00f3n y restauraci\u00f3n de los recursos naturales y culturales de la zona","robots":{"index":"index","follow":"follow","max-snippet":"max-snippet:-1","max-image-preview":"max-image-preview:large","max-video-preview":"max-video-preview:-1"},"canonical":"https:\/\/losolingos.com\/es\/sostenibilidad\/","og_locale":"es_ES","og_type":"article","og_title":"Sostenibilidad - Los Olingos","og_description":"La misi\u00f3n de Los Olingos es la conservaci\u00f3n, protecci\u00f3n y restauraci\u00f3n de los recursos naturales y culturales de la zona","og_url":"https:\/\/losolingos.com\/es\/sostenibilidad\/","og_site_name":"Los Olingos","article_modified_time":"2023-03-19T15:58:06+00:00","twitter_card":"summary_large_image","schema":{"@context":"https:\/\/schema.org","@graph":[{"@type":"WebPage","@id":"https:\/\/losolingos.com\/es\/sostenibilidad\/","url":"https:\/\/losolingos.com\/es\/sostenibilidad\/","name":"Sostenibilidad - Los Olingos","isPartOf":{"@id":"https:\/\/losolingos.com\/es\/#website"},"datePublished":"2019-04-10T13:27:26+00:00","dateModified":"2023-03-19T15:58:06+00:00","description":"La misi\u00f3n de Los Olingos es la conservaci\u00f3n, protecci\u00f3n y restauraci\u00f3n de los recursos naturales y culturales de la zona","breadcrumb":{"@id":"https:\/\/losolingos.com\/es\/sostenibilidad\/#breadcrumb"},"inLanguage":"es","potentialAction":[{"@type":"ReadAction","target":["https:\/\/losolingos.com\/es\/sostenibilidad\/"]}]},{"@type":"BreadcrumbList","@id":"https:\/\/losolingos.com\/es\/sostenibilidad\/#breadcrumb","itemListElement":[{"@type":"ListItem","position":1,"name":"Home","item":"https:\/\/losolingos.com\/es\/"},{"@type":"ListItem","position":2,"name":"Sostenibilidad"}]},{"@type":"WebSite","@id":"https:\/\/losolingos.com\/es\/#website","url":"https:\/\/losolingos.com\/es\/","name":"Los Olingos","description":"Diverse Wildlife, Natural Attractions, Local Culture, and Breathtaking Setting Los Olingos has to offer","potentialAction":[{"@type":"SearchAction","target":{"@type":"EntryPoint","urlTemplate":"https:\/\/losolingos.com\/es\/?s={search_term_string}"},"query-input":{"@type":"PropertyValueSpecification","valueRequired":true,"valueName":"search_term_string"}}],"inLanguage":"es"}]}},"_links":{"self":[{"href":"https:\/\/losolingos.com\/es\/wp-json\/wp\/v2\/pages\/681","targetHints":{"allow":["GET"]}}],"collection":[{"href":"https:\/\/losolingos.com\/es\/wp-json\/wp\/v2\/pages"}],"about":[{"href":"https:\/\/losolingos.com\/es\/wp-json\/wp\/v2\/types\/page"}],"author":[{"embeddable":true,"href":"https:\/\/losolingos.com\/es\/wp-json\/wp\/v2\/users\/1"}],"replies":[{"embeddable":true,"href":"https:\/\/losolingos.com\/es\/wp-json\/wp\/v2\/comments?post=681"}],"version-history":[{"count":3,"href":"https:\/\/losolingos.com\/es\/wp-json\/wp\/v2\/pages\/681\/revisions"}],"predecessor-version":[{"id":726,"href":"https:\/\/losolingos.com\/es\/wp-json\/wp\/v2\/pages\/681\/revisions\/726"}],"wp:attachment":[{"href":"https:\/\/losolingos.com\/es\/wp-json\/wp\/v2\/media?parent=681"}],"curies":[{"name":"wp","href":"https:\/\/api.w.org\/{rel}","templated":true}]}}